{"id":342,"date":"2011-05-11T13:37:19","date_gmt":"2011-05-11T13:37:19","guid":{"rendered":"http:\/\/www.thierryjonquet.fr\/?page_id=342"},"modified":"2011-05-11T16:04:39","modified_gmt":"2011-05-11T16:04:39","slug":"drh","status":"publish","type":"page","link":"http:\/\/www.thierryjonquet.fr\/?page_id=342","title":{"rendered":"DRH"},"content":{"rendered":"<p>\n<table id=\"wp-table-reloaded-id-2-no-1\" class=\"wp-table-reloaded wp-table-reloaded-id-2\">\n<tbody>\n\t<tr class=\"row-1 odd\">\n\t\t<td class=\"column-1\"><a href=\"http:\/\/www.thierryjonquet.fr\/?page_id=342\"><img loading=\"lazy\" decoding=\"async\" src=\"http:\/\/www.thierryjonquet.fr\/wp-content\/uploads\/2011\/05\/drh_sm.jpg\" alt=\"D.R.H.\" title=\"drh\" width=\"99\" height=\"132\" class=\"alignleft size-full wp-image-327\" \/><\/a><\/td><td class=\"column-2\"><a href=\"http:\/\/www.thierryjonquet.fr\/?page_id=347\"><img loading=\"lazy\" decoding=\"async\" src=\"http:\/\/www.thierryjonquet.fr\/wp-content\/uploads\/2011\/05\/lavigie_sm.jpg\" alt=\"\" title=\"lavigie_sm\" width=\"99\" height=\"135\" class=\"alignleft size-full wp-image-335\" \/><\/a><\/td><td class=\"column-3\"><a href=\"http:\/\/www.thierryjonquet.fr\/?page_id=349\"><img loading=\"lazy\" decoding=\"async\" src=\"http:\/\/www.thierryjonquet.fr\/wp-content\/uploads\/2011\/05\/dupapier_sm.jpg\" alt=\"du papier faisons table rase\" title=\"dupapier\" width=\"99\" height=\"132\" class=\"alignleft size-full wp-image-329\" \/><\/a><\/td><td class=\"column-4\"><a href=\"http:\/\/www.thierryjonquet.fr\/?page_id=351\"><img loading=\"lazy\" decoding=\"async\" src=\"http:\/\/www.thierryjonquet.fr\/wp-content\/uploads\/2011\/05\/lavie1_sm.jpg\" alt=\"La vie de ma m\u00e8re tome1\" title=\"lavie1\" width=\"99\" height=\"132\" class=\"alignleft size-full wp-image-331\" \/><\/a><\/td><td class=\"column-5\"><a href=\"http:\/\/www.thierryjonquet.fr\/?page_id=355\"><img loading=\"lazy\" decoding=\"async\" src=\"http:\/\/www.thierryjonquet.fr\/wp-content\/uploads\/2011\/05\/lavie2_sm.jpg\" alt=\"La vie de la m\u00e8re tome 2\" title=\"lavie2\" width=\"99\" height=\"132\" class=\"alignleft size-full wp-image-333\" \/><\/a><\/td>\n\t<\/tr>\n<\/tbody>\n<\/table>\n<br \/>\n<a href=\"http:\/\/www.thierryjonquet.fr\/wp-content\/uploads\/2011\/05\/drh.jpg\"><img loading=\"lazy\" decoding=\"async\" class=\"alignleft size-full wp-image-327\" title=\"drh\" src=\"http:\/\/www.thierryjonquet.fr\/wp-content\/uploads\/2011\/05\/drh_sm.jpg\" alt=\"D.R.H.\" width=\"99\" height=\"132\" \/><\/a>D.R.H.<\/p>\n<p>Publi\u00e9 chez Caterman en 2004.<br \/>\nDRH est l&rsquo;adaptation d&rsquo;un nouvelle radiophonique de Thierry Jonquet.<\/p>\n<p>Le r\u00e9sum\u00e9 de l\u2019\u00e9diteur:<\/p>\n<p>En soir\u00e9e, quelque part dans une gare de province. Une galerie de personnages h\u00e9t\u00e9roclites, compagnons de voyage et de hasard l\u2019espace de quelques heures, attendent ensemble le train pour Paris : un d\u00e9linquant tout juste sorti de prison et sa compagne prostitu\u00e9e, deux cadres sp\u00e9cialis\u00e9s dans les ressources humaines et engag\u00e9s dans une op\u00e9ration de \u201cd\u00e9graissage\u201d d\u2019effectifs, quatre copains partis assister au mariage d\u2019un ami\u2026 Le train est en retard, l\u2019impatience s\u2019installe. Et elle ne fait que s\u2019accentuer lorsque les voyageurs montent enfin dans la rame : la climatisation est en panne. Dans cet espace clos, \u00e9touffant, les esprits s\u2019\u00e9chauffent peu \u00e0 peu. Ce qui s\u2019annon\u00e7ait comme un trajet ordinaire bascule dans le drame\u2026<\/p>\n<p>&nbsp;<\/p>\n","protected":false},"excerpt":{"rendered":"<p>D.R.H. Publi\u00e9 chez Caterman en 2004. DRH est l&rsquo;adaptation d&rsquo;un nouvelle radiophonique de Thierry Jonquet. Le r\u00e9sum\u00e9 de l\u2019\u00e9diteur: En soir\u00e9e, quelque part dans une gare de province. Une galerie de personnages h\u00e9t\u00e9roclites, compagnons de voyage et de hasard l\u2019espace &hellip; <a href=\"http:\/\/www.thierryjonquet.fr\/?page_id=342\">Continuer la lecture <span class=\"meta-nav\">&rarr;<\/span><\/a><\/p>\n","protected":false},"author":1,"featured_media":102,"parent":101,"menu_order":0,"comment_status":"closed","ping_status":"closed","template":"onecolumnNoComment.php","meta":{"footnotes":"","_links_to":"","_links_to_target":""},"class_list":["post-342","page","type-page","status-publish","has-post-thumbnail","hentry"],"_links":{"self":[{"href":"http:\/\/www.thierryjonquet.fr\/index.php?rest_route=\/wp\/v2\/pages\/342","targetHints":{"allow":["GET"]}}],"collection":[{"href":"http:\/\/www.thierryjonquet.fr\/index.php?rest_route=\/wp\/v2\/pages"}],"about":[{"href":"http:\/\/www.thierryjonquet.fr\/index.php?rest_route=\/wp\/v2\/types\/page"}],"author":[{"embeddable":true,"href":"http:\/\/www.thierryjonquet.fr\/index.php?rest_route=\/wp\/v2\/users\/1"}],"replies":[{"embeddable":true,"href":"http:\/\/www.thierryjonquet.fr\/index.php?rest_route=%2Fwp%2Fv2%2Fcomments&post=342"}],"version-history":[{"count":8,"href":"http:\/\/www.thierryjonquet.fr\/index.php?rest_route=\/wp\/v2\/pages\/342\/revisions"}],"predecessor-version":[{"id":382,"href":"http:\/\/www.thierryjonquet.fr\/index.php?rest_route=\/wp\/v2\/pages\/342\/revisions\/382"}],"up":[{"embeddable":true,"href":"http:\/\/www.thierryjonquet.fr\/index.php?rest_route=\/wp\/v2\/pages\/101"}],"wp:featuredmedia":[{"embeddable":true,"href":"http:\/\/www.thierryjonquet.fr\/index.php?rest_route=\/wp\/v2\/media\/102"}],"wp:attachment":[{"href":"http:\/\/www.thierryjonquet.fr\/index.php?rest_route=%2Fwp%2Fv2%2Fmedia&parent=342"}],"curies":[{"name":"wp","href":"https:\/\/api.w.org\/{rel}","templated":true}]}}