{"id":349,"date":"2011-05-11T13:44:26","date_gmt":"2011-05-11T13:44:26","guid":{"rendered":"http:\/\/www.thierryjonquet.fr\/?page_id=349"},"modified":"2011-05-11T14:02:28","modified_gmt":"2011-05-11T14:02:28","slug":"du-papier","status":"publish","type":"page","link":"http:\/\/www.thierryjonquet.fr\/?page_id=349","title":{"rendered":"Du papier"},"content":{"rendered":"<h2><a href=\"http:\/\/www.thierryjonquet.fr\/wp-content\/uploads\/2011\/05\/dupapier.jpg\"><img loading=\"lazy\" decoding=\"async\" class=\"alignleft size-full wp-image-329\" title=\"du papier faisons table rase\" src=\"http:\/\/www.thierryjonquet.fr\/wp-content\/uploads\/2011\/05\/dupapier_sm.jpg\" alt=\"du papier faisons table rase\" width=\"99\" height=\"132\" \/><\/a>Du papier, faisons table rase<\/h2>\n<p>publi\u00e9 chez Casterman en 2006<\/p>\n<p>&nbsp;<\/p>\n<p>Le r\u00e9sum\u00e9 de l&rsquo;\u00e9diteur:<\/p>\n<p>Il faut r\u00e9nover l\u2019OCCV ! Un fait-divers tragique vient de mettre en lumi\u00e8re les carences de l\u2019Office Central de Contr\u00f4le et de V\u00e9rification, fleuron de l\u2019administration (les mauvaises langues diront la bureaucratie\u2026) fran\u00e7aise. Une t\u00e2che exaltante \u00e0 laquelle s\u2019attache Domitille Br\u00e9vard, jeune femme conqu\u00e9rante et d\u00e9termin\u00e9e tout juste sortie de l\u2019ENA, et tr\u00e8s d\u00e9sireuse de d\u00e9montrer ses qualit\u00e9s professionnelles \u00e0 son minist\u00e8re de tutelle. Pourtant, une fois sur place, dans les locaux de l\u2019Office, Domitille vacille. L\u2019ambitieux plan d\u2019informatisation qu\u2019elle a concoct\u00e9 heurte de plein fouet les habitudes plan-plan d\u2019une \u00e9quipe ubuesque engonc\u00e9e dans ses habitudes, plus bras-cass\u00e9-tu-meurs\u2026 Qui plus est, la jeune femme doit \u00e9galement g\u00e9rer l\u2019arriv\u00e9e de deux stagiaires russes, que son minist\u00e8re vient de lui affecter pour \u00e9tudier les m\u00e9thodes \u2013 exceptionnelles, comme chacun sait- des fonctionnaires fran\u00e7ais.<\/p>\n","protected":false},"excerpt":{"rendered":"<p>Du papier, faisons table rase publi\u00e9 chez Casterman en 2006 &nbsp; Le r\u00e9sum\u00e9 de l&rsquo;\u00e9diteur: Il faut r\u00e9nover l\u2019OCCV ! Un fait-divers tragique vient de mettre en lumi\u00e8re les carences de l\u2019Office Central de Contr\u00f4le et de V\u00e9rification, fleuron de &hellip; <a href=\"http:\/\/www.thierryjonquet.fr\/?page_id=349\">Continuer la lecture <span class=\"meta-nav\">&rarr;<\/span><\/a><\/p>\n","protected":false},"author":1,"featured_media":102,"parent":101,"menu_order":0,"comment_status":"closed","ping_status":"closed","template":"onecolumnNoComment.php","meta":{"footnotes":"","_links_to":"","_links_to_target":""},"class_list":["post-349","page","type-page","status-publish","has-post-thumbnail","hentry"],"_links":{"self":[{"href":"http:\/\/www.thierryjonquet.fr\/index.php?rest_route=\/wp\/v2\/pages\/349","targetHints":{"allow":["GET"]}}],"collection":[{"href":"http:\/\/www.thierryjonquet.fr\/index.php?rest_route=\/wp\/v2\/pages"}],"about":[{"href":"http:\/\/www.thierryjonquet.fr\/index.php?rest_route=\/wp\/v2\/types\/page"}],"author":[{"embeddable":true,"href":"http:\/\/www.thierryjonquet.fr\/index.php?rest_route=\/wp\/v2\/users\/1"}],"replies":[{"embeddable":true,"href":"http:\/\/www.thierryjonquet.fr\/index.php?rest_route=%2Fwp%2Fv2%2Fcomments&post=349"}],"version-history":[{"count":3,"href":"http:\/\/www.thierryjonquet.fr\/index.php?rest_route=\/wp\/v2\/pages\/349\/revisions"}],"predecessor-version":[{"id":363,"href":"http:\/\/www.thierryjonquet.fr\/index.php?rest_route=\/wp\/v2\/pages\/349\/revisions\/363"}],"up":[{"embeddable":true,"href":"http:\/\/www.thierryjonquet.fr\/index.php?rest_route=\/wp\/v2\/pages\/101"}],"wp:featuredmedia":[{"embeddable":true,"href":"http:\/\/www.thierryjonquet.fr\/index.php?rest_route=\/wp\/v2\/media\/102"}],"wp:attachment":[{"href":"http:\/\/www.thierryjonquet.fr\/index.php?rest_route=%2Fwp%2Fv2%2Fmedia&parent=349"}],"curies":[{"name":"wp","href":"https:\/\/api.w.org\/{rel}","templated":true}]}}