{"id":351,"date":"2011-05-11T13:47:34","date_gmt":"2011-05-11T13:47:34","guid":{"rendered":"http:\/\/www.thierryjonquet.fr\/?page_id=351"},"modified":"2011-05-11T14:03:52","modified_gmt":"2011-05-11T14:03:52","slug":"la-vie-facea","status":"publish","type":"page","link":"http:\/\/www.thierryjonquet.fr\/?page_id=351","title":{"rendered":"La Vie FaceA"},"content":{"rendered":"<h2><a href=\"http:\/\/www.thierryjonquet.fr\/wp-content\/uploads\/2011\/05\/lavie1.jpg\"><img loading=\"lazy\" decoding=\"async\" class=\"alignleft size-full wp-image-331\" title=\"La vie de ma m\u00e8re Face A\" src=\"http:\/\/www.thierryjonquet.fr\/wp-content\/uploads\/2011\/05\/lavie1_sm.jpg\" alt=\"La vie de ma m\u00e8re Face A\" width=\"99\" height=\"132\" \/><\/a>La Vie de ma M\u00e8re &#8211; Face A<\/h2>\n<p>publi\u00e9 chez Casterman en 2003<\/p>\n<p>Le duo Jonquet\/Chauzy en deux faces<\/p>\n<p>Le r\u00e9sum\u00e9 de l&rsquo;\u00e9diteur:<\/p>\n<p>Kevin habite une cit\u00e9 du quartier de Belleville avec sa m\u00e8re. Ici, on voit de tout: des \u201cChinois\u201d aux commerces florissants, des \u201cRebeus\u201d et des \u201cKeublas\u201d remont\u00e9s contre le syst\u00e8me, des filles de bourges qui apprennent \u00e0 jouer du violon\u2026 Kevin cherche sa place. Orient\u00e9 vers une classe de 6e S.E.S. (Section d\u2019Education Sp\u00e9cialis\u00e9e), il passe le plus clair de son temps \u00e0 faire n\u2019importe quoi. L\u2019histoire presque banale d\u2019un petit gar\u00e7on en perte de rep\u00e8res, pour une critique \u00e0 la fois ac\u00e9r\u00e9e et tendre de la soci\u00e9t\u00e9 d\u2019aujourd\u2019hui<\/p>\n","protected":false},"excerpt":{"rendered":"<p>La Vie de ma M\u00e8re &#8211; Face A publi\u00e9 chez Casterman en 2003 Le duo Jonquet\/Chauzy en deux faces Le r\u00e9sum\u00e9 de l&rsquo;\u00e9diteur: Kevin habite une cit\u00e9 du quartier de Belleville avec sa m\u00e8re. Ici, on voit de tout: des &hellip; <a href=\"http:\/\/www.thierryjonquet.fr\/?page_id=351\">Continuer la lecture <span class=\"meta-nav\">&rarr;<\/span><\/a><\/p>\n","protected":false},"author":1,"featured_media":102,"parent":101,"menu_order":0,"comment_status":"closed","ping_status":"closed","template":"onecolumnNoComment.php","meta":{"footnotes":"","_links_to":"","_links_to_target":""},"class_list":["post-351","page","type-page","status-publish","has-post-thumbnail","hentry"],"_links":{"self":[{"href":"http:\/\/www.thierryjonquet.fr\/index.php?rest_route=\/wp\/v2\/pages\/351","targetHints":{"allow":["GET"]}}],"collection":[{"href":"http:\/\/www.thierryjonquet.fr\/index.php?rest_route=\/wp\/v2\/pages"}],"about":[{"href":"http:\/\/www.thierryjonquet.fr\/index.php?rest_route=\/wp\/v2\/types\/page"}],"author":[{"embeddable":true,"href":"http:\/\/www.thierryjonquet.fr\/index.php?rest_route=\/wp\/v2\/users\/1"}],"replies":[{"embeddable":true,"href":"http:\/\/www.thierryjonquet.fr\/index.php?rest_route=%2Fwp%2Fv2%2Fcomments&post=351"}],"version-history":[{"count":4,"href":"http:\/\/www.thierryjonquet.fr\/index.php?rest_route=\/wp\/v2\/pages\/351\/revisions"}],"predecessor-version":[{"id":364,"href":"http:\/\/www.thierryjonquet.fr\/index.php?rest_route=\/wp\/v2\/pages\/351\/revisions\/364"}],"up":[{"embeddable":true,"href":"http:\/\/www.thierryjonquet.fr\/index.php?rest_route=\/wp\/v2\/pages\/101"}],"wp:featuredmedia":[{"embeddable":true,"href":"http:\/\/www.thierryjonquet.fr\/index.php?rest_route=\/wp\/v2\/media\/102"}],"wp:attachment":[{"href":"http:\/\/www.thierryjonquet.fr\/index.php?rest_route=%2Fwp%2Fv2%2Fmedia&parent=351"}],"curies":[{"name":"wp","href":"https:\/\/api.w.org\/{rel}","templated":true}]}}