{"id":367,"date":"2011-05-11T14:15:25","date_gmt":"2011-05-11T14:15:25","guid":{"rendered":"http:\/\/www.thierryjonquet.fr\/?page_id=367"},"modified":"2011-05-11T14:21:46","modified_gmt":"2011-05-11T14:21:46","slug":"lenfant-de-labsente","status":"publish","type":"page","link":"http:\/\/www.thierryjonquet.fr\/?page_id=367","title":{"rendered":"l&rsquo;enfant de l&rsquo;absente"},"content":{"rendered":"<h2><a href=\"http:\/\/www.thierryjonquet.fr\/wp-content\/uploads\/2011\/05\/absente.jpg\"><img loading=\"lazy\" decoding=\"async\" class=\"alignleft size-full wp-image-366\" title=\"l'enfant de l'absente\" src=\"http:\/\/www.thierryjonquet.fr\/wp-content\/uploads\/2011\/05\/absente_sm.jpg\" alt=\"l'enfant de l'absente\" width=\"150\" height=\"150\" \/><\/a>L&rsquo;enfant de l&rsquo;absente<\/h2>\n<p>un One-shot paru en 1994 dans la collection La D\u00e9riv\u00e9e. Une nouvelle de Thierry Jonquet illustr\u00e9e par Jacques Tardi et postfac\u00e9e par le professeur Jacques Testard.<\/p>\n<p>Une r\u00e9\u00e9dition est parue dans la collection Points en 1999<\/p>\n<p>&nbsp;<\/p>\n<p>Le r\u00e9sum\u00e9:<a href=\"http:\/\/www.thierryjonquet.fr\/wp-content\/uploads\/2011\/05\/absente_points.jpg\"><img loading=\"lazy\" decoding=\"async\" class=\"size-full wp-image-372 alignright\" title=\"L'Enfant de l'absente\" src=\"http:\/\/www.thierryjonquet.fr\/wp-content\/uploads\/2011\/05\/absente_points_sm.jpg\" alt=\"L'Enfant de l'absente points seuil\" width=\"150\" height=\"150\" \/><\/a><\/p>\n<p>Une jeune immigr\u00e9e africaine, victime d&rsquo;un accident, plonge dans un coma profond. Elle est enceinte de cinq mois et le chef de la clinique o\u00f9 elle est transport\u00e9e d\u00e9cide de la maintenir en vie artificiellement pour mettre l&rsquo;enfant au monde. Comme elle n&rsquo;a pas de papiers, la police ne retrouve que tardivement sa famille en Afrique. C&rsquo;est son oncle, consid\u00e9r\u00e9 comme un sage au village, qui va venir tenter de r\u00e9cup\u00e9rer le corps de la jeune femme et, du m\u00eame coup, arr\u00eater l&rsquo;exp\u00e9rience. Mais son combat est loin d&rsquo;\u00eatre gagn\u00e9.<\/p>\n","protected":false},"excerpt":{"rendered":"<p>L&rsquo;enfant de l&rsquo;absente un One-shot paru en 1994 dans la collection La D\u00e9riv\u00e9e. Une nouvelle de Thierry Jonquet illustr\u00e9e par Jacques Tardi et postfac\u00e9e par le professeur Jacques Testard. Une r\u00e9\u00e9dition est parue dans la collection Points en 1999 &nbsp; &hellip; <a href=\"http:\/\/www.thierryjonquet.fr\/?page_id=367\">Continuer la lecture <span class=\"meta-nav\">&rarr;<\/span><\/a><\/p>\n","protected":false},"author":1,"featured_media":102,"parent":101,"menu_order":0,"comment_status":"closed","ping_status":"closed","template":"onecolumnNoComment.php","meta":{"footnotes":"","_links_to":"","_links_to_target":""},"class_list":["post-367","page","type-page","status-publish","has-post-thumbnail","hentry"],"_links":{"self":[{"href":"http:\/\/www.thierryjonquet.fr\/index.php?rest_route=\/wp\/v2\/pages\/367","targetHints":{"allow":["GET"]}}],"collection":[{"href":"http:\/\/www.thierryjonquet.fr\/index.php?rest_route=\/wp\/v2\/pages"}],"about":[{"href":"http:\/\/www.thierryjonquet.fr\/index.php?rest_route=\/wp\/v2\/types\/page"}],"author":[{"embeddable":true,"href":"http:\/\/www.thierryjonquet.fr\/index.php?rest_route=\/wp\/v2\/users\/1"}],"replies":[{"embeddable":true,"href":"http:\/\/www.thierryjonquet.fr\/index.php?rest_route=%2Fwp%2Fv2%2Fcomments&post=367"}],"version-history":[{"count":8,"href":"http:\/\/www.thierryjonquet.fr\/index.php?rest_route=\/wp\/v2\/pages\/367\/revisions"}],"predecessor-version":[{"id":369,"href":"http:\/\/www.thierryjonquet.fr\/index.php?rest_route=\/wp\/v2\/pages\/367\/revisions\/369"}],"up":[{"embeddable":true,"href":"http:\/\/www.thierryjonquet.fr\/index.php?rest_route=\/wp\/v2\/pages\/101"}],"wp:featuredmedia":[{"embeddable":true,"href":"http:\/\/www.thierryjonquet.fr\/index.php?rest_route=\/wp\/v2\/media\/102"}],"wp:attachment":[{"href":"http:\/\/www.thierryjonquet.fr\/index.php?rest_route=%2Fwp%2Fv2%2Fmedia&parent=367"}],"curies":[{"name":"wp","href":"https:\/\/api.w.org\/{rel}","templated":true}]}}